{"id":3581,"date":"2025-04-10T09:42:56","date_gmt":"2025-04-10T07:42:56","guid":{"rendered":"https:\/\/www.vetrocare.it\/cookie-policy\/"},"modified":"2025-07-24T16:03:19","modified_gmt":"2025-07-24T14:03:19","slug":"cookie-policy","status":"publish","type":"page","link":"https:\/\/www.vetrocare.it\/fr\/cookie-policy\/","title":{"rendered":"Cookie Policy"},"content":{"rendered":"\n<div style=\"height:60px\" aria-hidden=\"true\" class=\"wp-block-spacer\"><\/div>\n\n<p class=\"has-large-font-size\"><strong>INFORMATION \u00c9TENDUE SUR LA POLITIQUE DES COOKIES<\/strong><\/p>\n\n<p>Nous utilisons des cookies pour rendre notre site plus simple et intuitif. Les donn\u00e9es recueillies gr\u00e2ce aux cookies visent \u00e0 rendre l\u2019exp\u00e9rience de navigation plus agr\u00e9able et plus efficace \u00e0 l\u2019avenir. <\/p>\n\n<h2 class=\"wp-block-heading\"><strong>QU\u2019EST-CE QU\u2019UN COOKIE?<\/strong><\/h2>\n\n<p>Les cookies sont de petits fichiers texte envoy\u00e9s par le site au terminal de l\u2019utilisateur, o\u00f9 ils sont m\u00e9moris\u00e9s pour \u00eatre ensuite retransmis au site lors d\u2019une visite ult\u00e9rieure du m\u00eame utilisateur.<br \/>Un cookie ne peut pas r\u00e9cup\u00e9rer d\u2019autres donn\u00e9es du disque dur de l\u2019utilisateur, ni transmettre de virus informatiques, ni capter des adresses e-mail. Chaque cookie est unique au navigateur web de l\u2019utilisateur. Certaines fonctions des cookies peuvent \u00eatre d\u00e9l\u00e9gu\u00e9es \u00e0 d\u2019autres technologies. Dans le pr\u00e9sent document, le terme \u00ab\u202fcookie\u202f\u00bb fait \u00e9galement r\u00e9f\u00e9rence \u00e0 toutes les technologies similaires.    <\/p>\n\n<p>Si vous le souhaitez, vous pouvez supprimer les cookies \u00e0 tout moment ; toutefois, cela pourrait compromettre le bon fonctionnement de certaines fonctionnalit\u00e9s. Pour plus d\u2019informations sur la suppression des cookies, veuillez consulter la fonction \u00ab\u202fAide\u202f\u00bb de votre navigateur. <\/p>\n\n<ul class=\"wp-block-list\">\n<li>Cookies de premi\u00e8re partie: ce sont les cookies g\u00e9r\u00e9s directement par le propri\u00e9taire du site. Dans ce cas, il appartient au propri\u00e9taire de fournir l\u2019information et de pr\u00e9ciser les modalit\u00e9s de blocage des cookies.  <\/li>\n<\/ul>\n\n<ul class=\"wp-block-list\">\n<li>Cookies de tiers : ce sont les cookies g\u00e9r\u00e9s par un sujet diff\u00e9rent du propri\u00e9taire du site. Pour ces cookies, l\u2019obligation d\u2019information et de blocage rel\u00e8ve de la responsabilit\u00e9 du tiers, tandis que le propri\u00e9taire du site doit ins\u00e9rer un lien vers le site du tiers concern\u00e9. <\/li>\n<\/ul>\n\n<div style=\"height:15px\" aria-hidden=\"true\" class=\"wp-block-spacer\"><\/div>\n\n<h2 class=\"wp-block-heading\"><strong>TYPES DE COOKIES UTILIS\u00c9S<\/strong><\/h2>\n\n<p>En fonction de leur nature, les cookies se divisent en plusieurs cat\u00e9gories:<\/p>\n\n<ul class=\"wp-block-list\">\n<li>Cookies strictement n\u00e9cessaires: indispensables au bon fonctionnement du site. Sans ces cookies, il ne serait pas possible d\u2019utiliser le site normalement et en toute s\u00e9curit\u00e9. <\/li>\n<\/ul>\n\n<ul class=\"wp-block-list\">\n<li>Cookies analytiques ou de performance: recueillent des informations anonymes sur l\u2019utilisation du site et ses performances (pages les plus consult\u00e9es, requ\u00eates dans le moteur de recherche, etc.). Les donn\u00e9es servent uniquement \u00e0 am\u00e9liorer le fonctionnement du site. <\/li>\n<\/ul>\n\n<ul class=\"wp-block-list\">\n<li>Cookies fonctionnels: permettent de m\u00e9moriser les choix effectu\u00e9s afin de personnaliser l\u2019exp\u00e9rience utilisateur (par exemple, reconna\u00eetre l\u2019utilisateur lors de ses visites ult\u00e9rieures, conserver ses pr\u00e9f\u00e9rences, etc.). <\/li>\n<\/ul>\n\n<p>Cookies publicitaires: collectent des informations sur les habitudes de navigation afin de proposer des publicit\u00e9s cibl\u00e9es en fonction des centres d\u2019int\u00e9r\u00eat. Ils enregistrent les visites sur le site, les pages consult\u00e9es, les liens suivis et m\u00eame la navigation en dehors du site. Ils servent aussi \u00e0 limiter le nombre d&#8217;affichages de la m\u00eame publicit\u00e9 ou \u00e0 mesurer l\u2019efficacit\u00e9 d\u2019une campagne publicitaire. Ces cookies sont g\u00e9n\u00e9ralement fournis par des tiers avec notre autorisation. Le refus de ces cookies n&#8217;affecte pas l\u2019utilisation g\u00e9n\u00e9rale du site ou d\u2019Internet.    <\/p>\n\n<h2 class=\"wp-block-heading\"><strong>DUR\u00c9E DE VIE DES COOKIES<\/strong><\/h2>\n\n<p>Les cookies ont une dur\u00e9e d\u00e9finie par une date d\u2019expiration (ou une action sp\u00e9cifique comme la fermeture du navigateur) d\u00e9finie au moment de leur installation.<\/p>\n\n<p>Ils peuvent \u00eatre:<\/p>\n\n<ul class=\"wp-block-list\">\n<li>Temporaires ou de session : utilis\u00e9s pour stocker des informations temporaires, permettent de relier les actions effectu\u00e9es pendant une session de navigation. Ils sont supprim\u00e9s d\u00e8s que le navigateur est ferm\u00e9.<\/li>\n<\/ul>\n\n<ul class=\"wp-block-list\">\n<li>Persistants : utilis\u00e9s pour m\u00e9moriser des informations (comme les identifiants de connexion) afin d\u2019\u00e9viter d\u2019avoir \u00e0 les saisir \u00e0 chaque visite. Ces cookies restent sur l\u2019ordinateur m\u00eame apr\u00e8s la fermeture du navigateur. <\/li>\n<\/ul>\n\n<div style=\"height:15px\" aria-hidden=\"true\" class=\"wp-block-spacer\"><\/div>\n\n<h2 class=\"wp-block-heading\"><strong>COOKIES UTILIS\u00c9S SUR CE SITE<\/strong><\/h2>\n\n<p>Ce site utilise des cookies de tiers, notamment ceux fournis par Google Analytics, un service d\u2019analyse web.<br \/>Google Analytics utilise des cookies pour collecter et analyser de mani\u00e8re anonyme des informations sur l\u2019utilisation du site (y compris l\u2019adresse IP de l\u2019utilisateur). Ces donn\u00e9es sont ensuite trait\u00e9es par Google pour produire des rapports statistiques sur l\u2019activit\u00e9 du site.<br \/>Google ne lie pas l\u2019adresse IP \u00e0 d\u2019autres donn\u00e9es d\u00e9tenues, ni ne tente d\u2019identifier l\u2019utilisateur. Google peut transmettre ces donn\u00e9es \u00e0 des tiers lorsque la loi l\u2019impose ou lorsque ces tiers traitent les donn\u00e9es pour le compte de Google.    <\/p>\n\n<h2 class=\"wp-block-heading\"><strong>G\u00c9REZ L\u2019UTILISATION DES COOKIES<\/strong><\/h2>\n\n<p>Si vous pr\u00e9f\u00e9rez restreindre, bloquer ou supprimer les cookies de ce site, vous pouvez le faire via les param\u00e8tres de votre navigateur. Veuillez noter que toute modification des param\u00e8tres peut affecter votre navigation sur Internet ainsi que vos conditions d\u2019acc\u00e8s \u00e0 certains services n\u00e9cessitant l\u2019usage de cookies. <\/p>\n\n<p>Chrome:<a href=\"https:\/\/support.google.com\/chrome\/answer\/95647?hl=it\" target=\"_blank\" rel=\"noopener\"> https:\/\/support.google.com\/chrome\/answer\/95647?hl=it<\/a><br \/>Firefox: <a href=\"https:\/\/support.mozilla.org\/it\/kb\/Gestione%20dei%20cookieInternet\" target=\"_blank\" rel=\"noopener\">https:\/\/support.mozilla.org\/it\/kb\/Gestione%20dei%20cookieInternet<\/a><br \/>Explorer: <a href=\"https:\/\/support.microsoft.com\/it-it\/help\/17442\/windows-internet-explorer-delete-manage-cookies\" target=\"_blank\" rel=\"noopener\">https:\/\/support.microsoft.com\/it-it\/help\/17442\/windows-internet-explorer-delete-manage-cookies<\/a><br \/>Safari: <a href=\"http:\/\/support.apple.com\/kb\/HT1677?viewlocale=it_IT\" target=\"_blank\" rel=\"noopener\">http:\/\/support.apple.com\/kb\/HT1677?viewlocale=it_IT<\/a><br \/>Opera: <a href=\"http:\/\/help.opera.com\/Windows\/10.00\/it\/cookies.html\" target=\"_blank\" rel=\"noopener\">http:\/\/help.opera.com\/Windows\/10.00\/it\/cookies.html<\/a><\/p>\n\n<div style=\"height:100px\" aria-hidden=\"true\" class=\"wp-block-spacer\"><\/div>\n","protected":false},"excerpt":{"rendered":"<p>INFORMATION \u00c9TENDUE SUR LA POLITIQUE DES COOKIES Nous utilisons des cookies pour rendre notre site plus simple et intuitif. Les&#8230;<\/p>\n","protected":false},"author":3,"featured_media":0,"parent":0,"menu_order":0,"comment_status":"closed","ping_status":"closed","template":"","meta":{"_acf_changed":false,"inline_featured_image":false,"_editorskit_title_hidden":false,"_editorskit_reading_time":0,"_editorskit_is_block_options_detached":false,"_editorskit_block_options_position":"{}","footnotes":""},"class_list":["post-3581","page","type-page","status-publish","hentry"],"acf":[],"_links":{"self":[{"href":"https:\/\/www.vetrocare.it\/fr\/wp-json\/wp\/v2\/pages\/3581","targetHints":{"allow":["GET"]}}],"collection":[{"href":"https:\/\/www.vetrocare.it\/fr\/wp-json\/wp\/v2\/pages"}],"about":[{"href":"https:\/\/www.vetrocare.it\/fr\/wp-json\/wp\/v2\/types\/page"}],"author":[{"embeddable":true,"href":"https:\/\/www.vetrocare.it\/fr\/wp-json\/wp\/v2\/users\/3"}],"replies":[{"embeddable":true,"href":"https:\/\/www.vetrocare.it\/fr\/wp-json\/wp\/v2\/comments?post=3581"}],"version-history":[{"count":2,"href":"https:\/\/www.vetrocare.it\/fr\/wp-json\/wp\/v2\/pages\/3581\/revisions"}],"predecessor-version":[{"id":3584,"href":"https:\/\/www.vetrocare.it\/fr\/wp-json\/wp\/v2\/pages\/3581\/revisions\/3584"}],"wp:attachment":[{"href":"https:\/\/www.vetrocare.it\/fr\/wp-json\/wp\/v2\/media?parent=3581"}],"curies":[{"name":"wp","href":"https:\/\/api.w.org\/{rel}","templated":true}]}}