{"id":3601,"date":"2025-07-29T09:45:34","date_gmt":"2025-07-29T07:45:34","guid":{"rendered":"https:\/\/www.vetrocare.it\/?page_id=3601"},"modified":"2025-07-29T09:45:37","modified_gmt":"2025-07-29T07:45:37","slug":"contactez-notre-partenaire-local","status":"publish","type":"page","link":"https:\/\/www.vetrocare.it\/fr\/contactez-notre-partenaire-local\/","title":{"rendered":"Contactez notre partenaire local"},"content":{"rendered":"\n<div style=\"height:100px\" aria-hidden=\"true\" class=\"wp-block-spacer\"><\/div>\n\n\n\n<h2 class=\"wp-block-heading has-text-align-center has-color-0-color has-text-color has-link-color has-3-xl-font-size wp-elements-9e604a81242d20da6e00801b98be325a\" style=\"font-style:normal;font-weight:400;line-height:1.1\">Contactez notre partenaire local<\/h2>\n\n\n\n<div style=\"height:60px\" aria-hidden=\"true\" class=\"wp-block-spacer\"><\/div>\n\n\n<script type=\"text\/javascript\">var gform;gform||(document.addEventListener(\"gform_main_scripts_loaded\",function(){gform.scriptsLoaded=!0}),window.addEventListener(\"DOMContentLoaded\",function(){gform.domLoaded=!0}),gform={domLoaded:!1,scriptsLoaded:!1,initializeOnLoaded:function(o){gform.domLoaded&&gform.scriptsLoaded?o():!gform.domLoaded&&gform.scriptsLoaded?window.addEventListener(\"DOMContentLoaded\",o):document.addEventListener(\"gform_main_scripts_loaded\",o)},hooks:{action:{},filter:{}},addAction:function(o,n,r,t){gform.addHook(\"action\",o,n,r,t)},addFilter:function(o,n,r,t){gform.addHook(\"filter\",o,n,r,t)},doAction:function(o){gform.doHook(\"action\",o,arguments)},applyFilters:function(o){return gform.doHook(\"filter\",o,arguments)},removeAction:function(o,n){gform.removeHook(\"action\",o,n)},removeFilter:function(o,n,r){gform.removeHook(\"filter\",o,n,r)},addHook:function(o,n,r,t,i){null==gform.hooks[o][n]&&(gform.hooks[o][n]=[]);var e=gform.hooks[o][n];null==i&&(i=n+\"_\"+e.length),gform.hooks[o][n].push({tag:i,callable:r,priority:t=null==t?10:t})},doHook:function(n,o,r){var t;if(r=Array.prototype.slice.call(r,1),null!=gform.hooks[n][o]&&((o=gform.hooks[n][o]).sort(function(o,n){return o.priority-n.priority}),o.forEach(function(o){\"function\"!=typeof(t=o.callable)&&(t=window[t]),\"action\"==n?t.apply(null,r):r[0]=t.apply(null,r)})),\"filter\"==n)return r[0]},removeHook:function(o,n,t,i){var r;null!=gform.hooks[o][n]&&(r=(r=gform.hooks[o][n]).filter(function(o,n,r){return!!(null!=i&&i!=o.tag||null!=t&&t!=o.priority)}),gform.hooks[o][n]=r)}});<\/script>\n                <div class='gf_browser_gecko gform_wrapper gravity-theme' id='gform_wrapper_2' >\n                        <div class='gform_heading'>\n                            <span class='gform_description'><\/span>\n\t\t\t\t\t\t\t<p class='gform_required_legend'>&quot;<span class=\"gfield_required gfield_required_asterisk\">*<\/span>&quot; indicates required fields<\/p>\n                        <\/div><form method='post' enctype='multipart\/form-data'  id='gform_2'  action='\/fr\/wp-json\/wp\/v2\/pages\/3601' novalidate>\n                        <div class='gform_body gform-body'><div id='gform_fields_2' class='gform_fields top_label form_sublabel_below description_below'><div id=\"field_2_2\" class=\"gfield gfield--width-half gfield_contains_required field_sublabel_below field_description_below gfield_visibility_visible\" ><label class='gfield_label' for='input_2_2' >Pr\u00e9nom<span class=\"gfield_required\"><span class=\"gfield_required gfield_required_asterisk\">*<\/span><\/span><\/label><div class='ginput_container ginput_container_text'><input name='input_2' id='input_2_2' type='text' value='' class='large'    placeholder='Mario' aria-required=\"true\" aria-invalid=\"false\"   \/> <\/div><\/div><div id=\"field_2_1\" class=\"gfield gfield--width-half gfield_contains_required field_sublabel_below field_description_below gfield_visibility_visible\" ><label class='gfield_label' for='input_2_1' >Nom<span class=\"gfield_required\"><span class=\"gfield_required gfield_required_asterisk\">*<\/span><\/span><\/label><div class='ginput_container ginput_container_text'><input name='input_1' id='input_2_1' type='text' value='' class='large'    placeholder='Rossi' aria-required=\"true\" aria-invalid=\"false\"   \/> <\/div><\/div><div id=\"field_2_4\" class=\"gfield gfield--width-half phone gfield_contains_required field_sublabel_below field_description_below gfield_visibility_visible\" ><label class='gfield_label' for='input_2_4' >Num\u00e9ro de t\u00e9l\u00e9phone<span class=\"gfield_required\"><span class=\"gfield_required gfield_required_asterisk\">*<\/span><\/span><\/label><div class='ginput_container ginput_container_phone'><input name='input_4' id='input_2_4' type='tel' value='' class='large'  placeholder='+39 000 000000' aria-required=\"true\" aria-invalid=\"false\"   \/><\/div><\/div><div id=\"field_2_5\" class=\"gfield gfield--width-half mail gfield_contains_required field_sublabel_below field_description_below gfield_visibility_visible\" ><label class='gfield_label' for='input_2_5' >Adresse e-mail<span class=\"gfield_required\"><span class=\"gfield_required gfield_required_asterisk\">*<\/span><\/span><\/label><div class='ginput_container ginput_container_email'>\n                            <input name='input_5' id='input_2_5' type='email' value='' class='large'   placeholder='example@gmail.com' aria-required=\"true\" aria-invalid=\"false\"  \/>\n                        <\/div><\/div><div id=\"field_2_6\" class=\"gfield gfield--width-full field_sublabel_below field_description_below gfield_visibility_visible\" ><label class='gfield_label' for='input_2_6' >Message<\/label><div class='ginput_container ginput_container_textarea'><textarea name='input_6' id='input_2_6' class='textarea large'      aria-invalid=\"false\"   rows='10' cols='50'><\/textarea><\/div><\/div><fieldset id=\"field_2_7\" class=\"gfield gfield--width-full gfield_contains_required field_sublabel_below field_description_below gfield_visibility_visible\" ><legend class='gfield_label gfield_label_before_complex'  >Consentement<span class=\"gfield_required\"><span class=\"gfield_required gfield_required_asterisk\">*<\/span><\/span><\/legend><div class='ginput_container ginput_container_consent'><input name='input_7.1' id='input_2_7_1' type='checkbox' value='1'   aria-required=\"true\" aria-invalid=\"false\"   \/> <label class=\"gfield_consent_label\" for='input_2_7_1' >J\u2019ai pris connaissance de la politique de confidentialit\u00e9 et j\u2019accepte que mes donn\u00e9es soient collect\u00e9es conform\u00e9ment \u00e0 celle-ci.<\/label><input type='hidden' name='input_7.2' value='J\u2019ai pris connaissance de la politique de confidentialit\u00e9 et j\u2019accepte que mes donn\u00e9es soient collect\u00e9es conform\u00e9ment \u00e0 celle-ci.' class='gform_hidden' \/><input type='hidden' name='input_7.3' value='2' class='gform_hidden' \/><\/div><\/fieldset><div id=\"field_2_8\" class=\"gfield gfield_html gfield_html_formatted gfield_no_follows_desc field_sublabel_below field_description_below gfield_visibility_visible\" ><a href=\"https:\/\/www.vetrocare.it\/fr\/politique-de-confidentialite\/\"><u>Affichez Politique de Confidentialit\u00e9.<\/u><\/a> <\/div><div id=\"field_2_10\" class=\"gfield gfield--width-full field_sublabel_below field_description_below gfield_visibility_visible\" ><label class='gfield_label' for='input_2_10' >CAPTCHA<\/label><div id='input_2_10' class='ginput_container ginput_recaptcha' data-sitekey='6LfbxuAqAAAAAI2SeCr3jexFTorni_Y0wsz13NIB'  data-theme='light' data-tabindex='0'  data-badge=''><\/div><\/div><fieldset id=\"field_2_9\" class=\"gfield gfield--width-full field_sublabel_below field_description_below gfield_visibility_visible\" ><legend class='gfield_label gfield_label_before_complex'  >Marketing<\/legend><div class='ginput_container ginput_container_consent'><input name='input_9.1' id='input_2_9_1' type='checkbox' value='1'    aria-invalid=\"false\"   \/> <label class=\"gfield_consent_label\" for='input_2_9_1' >J\u2019accepte de recevoir des communications commerciales.<\/label><input type='hidden' name='input_9.2' value='J\u2019accepte de recevoir des communications commerciales.' class='gform_hidden' \/><input type='hidden' name='input_9.3' value='2' class='gform_hidden' \/><\/div><\/fieldset><\/div><\/div>\n        <div class='gform_footer top_label'> <input type='submit' id='gform_submit_button_2' class='gform_button button' value='Envoyer'  onclick='if(window[\"gf_submitting_2\"]){return false;}  if( !jQuery(\"#gform_2\")[0].checkValidity || jQuery(\"#gform_2\")[0].checkValidity()){window[\"gf_submitting_2\"]=true;}  ' onkeypress='if( event.keyCode == 13 ){ if(window[\"gf_submitting_2\"]){return false;} if( !jQuery(\"#gform_2\")[0].checkValidity || jQuery(\"#gform_2\")[0].checkValidity()){window[\"gf_submitting_2\"]=true;}  jQuery(\"#gform_2\").trigger(\"submit\",[true]); }' \/> \n            <input type='hidden' class='gform_hidden' name='is_submit_2' value='1' \/>\n            <input type='hidden' class='gform_hidden' name='gform_submit' value='2' \/>\n            \n            <input type='hidden' class='gform_hidden' name='gform_unique_id' value='' \/>\n            <input type='hidden' class='gform_hidden' name='state_2' value='WyJ7XCI3LjFcIjpcImNjZWI4NGUwZjViNDY5N2MxODRjMzE4NmEzNWY2MzVlXCIsXCI3LjJcIjpcIjkwMjEwZTUyNGI5M2E5YTg5YzQ3OWE2MzQ3NjFlMWVjXCIsXCI3LjNcIjpcImE0YTM4MGYyNGM2YmU4OWYwZDQ2NWJkNjZlYmVmZjQ0XCIsXCI5LjFcIjpcImNjZWI4NGUwZjViNDY5N2MxODRjMzE4NmEzNWY2MzVlXCIsXCI5LjJcIjpcImYzZDI0NTdhZjI2NGZiNmRjODhhNTA5MGQ2Y2Y1ZjllXCIsXCI5LjNcIjpcImE0YTM4MGYyNGM2YmU4OWYwZDQ2NWJkNjZlYmVmZjQ0XCJ9IiwiYmJkNzkzM2EzNmRkNDExN2M2MmRlYjdmZGJlZGUzYWUiXQ==' \/>\n            <input type='hidden' class='gform_hidden' name='gform_target_page_number_2' id='gform_target_page_number_2' value='0' \/>\n            <input type='hidden' class='gform_hidden' name='gform_source_page_number_2' id='gform_source_page_number_2' value='1' \/>\n            <input type='hidden' name='gform_field_values' value='' \/>\n            \n        <\/div>\n                        <\/form>\n                        <\/div>\n\n\n<div style=\"height:120px\" aria-hidden=\"true\" class=\"wp-block-spacer\"><\/div>\n","protected":false},"excerpt":{"rendered":"<p>Contactez notre partenaire local<\/p>\n","protected":false},"author":3,"featured_media":0,"parent":0,"menu_order":0,"comment_status":"closed","ping_status":"closed","template":"","meta":{"_acf_changed":false,"inline_featured_image":false,"_editorskit_title_hidden":false,"_editorskit_reading_time":0,"_editorskit_is_block_options_detached":false,"_editorskit_block_options_position":"{}","footnotes":""},"class_list":["post-3601","page","type-page","status-publish","hentry"],"acf":[],"_links":{"self":[{"href":"https:\/\/www.vetrocare.it\/fr\/wp-json\/wp\/v2\/pages\/3601","targetHints":{"allow":["GET"]}}],"collection":[{"href":"https:\/\/www.vetrocare.it\/fr\/wp-json\/wp\/v2\/pages"}],"about":[{"href":"https:\/\/www.vetrocare.it\/fr\/wp-json\/wp\/v2\/types\/page"}],"author":[{"embeddable":true,"href":"https:\/\/www.vetrocare.it\/fr\/wp-json\/wp\/v2\/users\/3"}],"replies":[{"embeddable":true,"href":"https:\/\/www.vetrocare.it\/fr\/wp-json\/wp\/v2\/comments?post=3601"}],"version-history":[{"count":4,"href":"https:\/\/www.vetrocare.it\/fr\/wp-json\/wp\/v2\/pages\/3601\/revisions"}],"predecessor-version":[{"id":3605,"href":"https:\/\/www.vetrocare.it\/fr\/wp-json\/wp\/v2\/pages\/3601\/revisions\/3605"}],"wp:attachment":[{"href":"https:\/\/www.vetrocare.it\/fr\/wp-json\/wp\/v2\/media?parent=3601"}],"curies":[{"name":"wp","href":"https:\/\/api.w.org\/{rel}","templated":true}]}}